{"id":365,"date":"2021-07-28T18:44:30","date_gmt":"2021-07-28T21:44:30","guid":{"rendered":"https:\/\/pmproject.com.br\/bio\/?post_type=product&#038;p=365"},"modified":"2021-07-28T19:48:33","modified_gmt":"2021-07-28T22:48:33","slug":"floresta_vaga-lumes","status":"publish","type":"product","link":"https:\/\/pmproject.com.br\/bio\/product\/floresta_vaga-lumes\/","title":{"rendered":"FLORESTA DE VAGA-LUMES, A LUZ DA INTELIG\u00caNCIA INFINITA EM VOC\u00ca"},"content":{"rendered":"<p><iframe loading=\"lazy\" title=\"FLORESTA DE VAGA-LUMES: A LUZ DA INTELIG\u00caNCIA INFINITA EM VOC\u00ca (Portuguese Edition)\" type=\"text\/html\" width=\"830\" height=\"550\" frameborder=\"0\" allowfullscreen style=\"max-width:100%\" src=\"https:\/\/read.amazon.com\/kp\/card?preview=inline&#038;linkCode=kpd&#038;ref_=k4w_oembed_6G84xZIOtvfoGu&#038;asin=B09B64VZHB&#038;tag=kpembed-20\"><\/iframe><\/p>\n<p><b>A LUZ E A ESCURID\u00c3O<\/b><br \/>\nA nossa exist\u00eancia come\u00e7ou na escurid\u00e3o. De repente a luz tomou conta de tudo. Mas a escurid\u00e3o \u00e9 o lugar de origem de todos n\u00f3s. As sementes germinam na escurid\u00e3o. Os pensamentos s\u00e3o gerados na escurid\u00e3o. Conhe\u00e7a uma nova vis\u00e3o sobre a escurid\u00e3o no livro Floresta de Vaga-lumes.<\/p>\n<p><b>O MEDO E AS DORES<\/b><br \/>\nO ser humano \u00e9 dotado de dispositivos mentais que integram todo o corpo. Sensa\u00e7\u00f5es de medo e d\u00favida, dores e sofrimento disparam impulsos nervosos por todo o corpo. Quando o nosso corpo n\u00e3o reconhece a dor n\u00e3o temos mais medo. Por\u00e9m o medo pode ser bom e a dor tamb\u00e9m. Os vaga-lumes v\u00e3o te ensinar como compreender a dor mais intensa da sua vida.<\/p>\n<p><b>A ILUMINA\u00c7\u00c3O<\/b><br \/>\nA mesma luz que ilumina pode cegar. A luz dos vaga-lumes da floresta \u00e9 capaz de cegar quem olhar diretamente para eles. Um ser de luz aparece na floresta negra e \u00e9 levado pelos vaga-lumes. Conhe\u00e7a o processo de ilumina\u00e7\u00e3o que este ser de luz tem para voc\u00ea.<\/p>\n<p><b>A INTELIG\u00caNCIA E OS SENTIMENTOS<\/b><br \/>\nEsse livro foi escrito para ser uma cura para as dores da sua vida. O encontro com os vaga-lumes pode te emocionar a cada hist\u00f3ria. Conex\u00f5es inteligentes ocorrem em todo o livro durante a grande jornada dos vaga-lumes para ilumina\u00e7\u00e3o. Conhe\u00e7a o mist\u00e9rio da Dan\u00e7a de Vaga-lumes na Floresta Negra. Venha descobrir como a intelig\u00eancia e os sentimentos podem transformar a sua vida atrav\u00e9s da Intelig\u00eancia Infinita.<\/p>\n<p><b>O CAMINHO PARA DESCOBRIR A SI MESMO<\/b><br \/>\nEste \u00e9 um guia para levar voc\u00ea para descobrir a si mesmo. O livro Floresta de Vaga-lumes, a Luz da Intelig\u00eancia Infinita em Voc\u00ea \u00e9 um manual de ilumina\u00e7\u00e3o para a vida e o caminho para o encontro com o seu eu interior atrav\u00e9s da dor. Voc\u00ea vai entender o que ainda n\u00e3o descobriu.<\/p>\n<p>Venha iluminar a sua vida na Floresta de Vaga-lumes.<\/p>\n<p><strong>Informa\u00e7\u00f5es t\u00e9cnicas<\/strong><br \/>\nASIN \u200f : \u200e B09B64VZHB<br \/>\nEditora \u200f : \u200e Independently published (26 julho 2021)<br \/>\nIdioma \u200f : \u200e Portugu\u00eas<br \/>\nCapa comum \u200f : \u200e 373 p\u00e1ginas<br \/>\nISBN-13 \u200f : \u200e 979-8537555223<br \/>\nPeso do produto \u200f : \u200e 635 g<br \/>\nDimens\u00f5es \u200f : \u200e 15.24 x 2.39 x 22.86 cm<\/p>\n<p><a href=\"https:\/\/pmproject.com.br\/bio\/projeto-da-sua-vida\"><strong>Sobre o Autor (Clique para saber mais sobre o autor)<\/strong><\/a><\/p>\n<p>MARCELO MARQUES GRANADO<\/p>\n","protected":false},"excerpt":{"rendered":"[caption id=\"attachment_367\" align=\"alignright\" width=\"150\"]<a href=\"https:\/\/www.amazon.com\/dp\/B09B64VZHB\"><img loading=\"lazy\" decoding=\"async\" class=\"wp-image-367\" src=\"https:\/\/pmproject.com.br\/bio\/wp-content\/uploads\/2021\/07\/41_F-211x300.png\" alt=\"EBOOK FLORESTA DE VAGA-LUMES\" width=\"150\" height=\"213\" srcset=\"https:\/\/pmproject.com.br\/bio\/wp-content\/uploads\/2021\/07\/41_F-211x300.png 211w, https:\/\/pmproject.com.br\/bio\/wp-content\/uploads\/2021\/07\/41_F-721x1024.png 721w, https:\/\/pmproject.com.br\/bio\/wp-content\/uploads\/2021\/07\/41_F-768x1090.png 768w, https:\/\/pmproject.com.br\/bio\/wp-content\/uploads\/2021\/07\/41_F-1082x1536.png 1082w, https:\/\/pmproject.com.br\/bio\/wp-content\/uploads\/2021\/07\/41_F.png 1409w\" sizes=\"auto, (max-width: 150px) 100vw, 150px\" \/><\/a> FLORESTA DE VAGA-LUMES, A Luz da Intelig\u00eancia Infinita em Voc\u00ea.[\/caption]\n<p>LIVRO \/ EBOOK KINDLE\u00a0 &#8211; EXCLUSIVIDADE <img loading=\"lazy\" decoding=\"async\" class=\"wp-image-73 alignnone\" src=\"https:\/\/pmproject.com.br\/bio\/wp-content\/uploads\/2020\/09\/amazon-e1600403842823.png\" alt=\"\" width=\"108\" height=\"35\" srcset=\"https:\/\/pmproject.com.br\/bio\/wp-content\/uploads\/2020\/09\/amazon-e1600403842823.png 471w, https:\/\/pmproject.com.br\/bio\/wp-content\/uploads\/2020\/09\/amazon-e1600403842823-300x97.png 300w\" sizes=\"auto, (max-width: 108px) 100vw, 108px\" \/><\/p>\n<p>Uma dor intensa toma conta de um pai que perdeu seu filho na floresta. Mas esta n\u00e3o \u00e9 uma floresta comum, mas uma Floresta de Vaga-lumes.<\/p>\n<p>Este \u00e9 um livro que vai transformar a sua vida atrav\u00e9s da compreens\u00e3o da dor.<\/p>\n<p>Os vaga-lumes da floresta negra v\u00e3o levar embora toda a sua dor para trazer a ilumina\u00e7\u00e3o.<\/p>\n<p>FA\u00c7A SUA ENCOMENDA E VOC\u00ca SER\u00c1 INFORMADO QUANDO ESTIVER DISPON\u00cdVEL PELO SITE DA <img loading=\"lazy\" decoding=\"async\" class=\"alignnone wp-image-73\" src=\"https:\/\/pmproject.com.br\/bio\/wp-content\/uploads\/2020\/09\/amazon-e1600403842823.png\" alt=\"\" width=\"99\" height=\"32\" srcset=\"https:\/\/pmproject.com.br\/bio\/wp-content\/uploads\/2020\/09\/amazon-e1600403842823.png 471w, https:\/\/pmproject.com.br\/bio\/wp-content\/uploads\/2020\/09\/amazon-e1600403842823-300x97.png 300w\" sizes=\"auto, (max-width: 99px) 100vw, 99px\" \/><\/p>\n<p>&nbsp;<\/p>\n","protected":false},"featured_media":373,"comment_status":"open","ping_status":"closed","template":"","meta":{"pmpro_default_level":""},"product_brand":[],"product_cat":[17],"product_tag":[19,21,30,20,18,32,31],"class_list":{"0":"post-365","1":"product","2":"type-product","3":"status-publish","4":"has-post-thumbnail","6":"product_cat-portfolio-de-inteligencia-infinita","7":"product_tag-auto-ajuda","8":"product_tag-auto-conhecimento","9":"product_tag-dor","10":"product_tag-felicidade","11":"product_tag-inteligencia-infinita","12":"product_tag-restauracao","13":"product_tag-sofrimento","14":"product_shipping_class-pacnacional","15":"pmpro-has-access","17":"first","18":"instock","19":"taxable","20":"shipping-taxable","21":"purchasable","22":"product-type-simple"},"yoast_head":"<!-- This site is optimized with the Yoast SEO plugin v27.2 - https:\/\/yoast.com\/product\/yoast-seo-wordpress\/ -->\n<title>FLORESTA DE VAGA-LUMES, A LUZ DA INTELIG\u00caNCIA INFINITA EM VOC\u00ca &#8226; BIO.<\/title>\n<meta name=\"robots\" content=\"index, follow, max-snippet:-1, max-image-preview:large, max-video-preview:-1\" \/>\n<link rel=\"canonical\" href=\"https:\/\/pmproject.com.br\/bio\/product\/floresta_vaga-lumes\/\" \/>\n<meta property=\"og:locale\" content=\"pt_BR\" \/>\n<meta property=\"og:type\" content=\"article\" \/>\n<meta property=\"og:title\" content=\"FLORESTA DE VAGA-LUMES, A LUZ DA INTELIG\u00caNCIA INFINITA EM VOC\u00ca &#8226; BIO.\" \/>\n<meta property=\"og:description\" content=\"LIVRO \/ EBOOK KINDLE\u00a0 - EXCLUSIVIDADE   Uma dor intensa toma conta de um pai que perdeu seu filho na floresta. Mas esta n\u00e3o \u00e9 uma floresta comum, mas uma Floresta de Vaga-lumes.  Este \u00e9 um livro que vai transformar a sua vida atrav\u00e9s da compreens\u00e3o da dor.  Os vaga-lumes da floresta negra v\u00e3o levar embora toda a sua dor para trazer a ilumina\u00e7\u00e3o.  FA\u00c7A SUA ENCOMENDA E VOC\u00ca SER\u00c1 INFORMADO QUANDO ESTIVER DISPON\u00cdVEL PELO SITE DA   &nbsp;\" \/>\n<meta property=\"og:url\" content=\"https:\/\/pmproject.com.br\/bio\/product\/floresta_vaga-lumes\/\" \/>\n<meta property=\"og:site_name\" content=\"BIO.\" \/>\n<meta property=\"article:publisher\" content=\"https:\/\/www.facebook.com\/bio.intelligence.office\/\" \/>\n<meta property=\"article:modified_time\" content=\"2021-07-28T22:48:33+00:00\" \/>\n<meta property=\"og:image\" content=\"https:\/\/pmproject.com.br\/bio\/wp-content\/uploads\/2021\/07\/BOOK20-FLORESTA-Publicacoes_Produto--721x1024.png\" \/>\n\t<meta property=\"og:image:width\" content=\"721\" \/>\n\t<meta property=\"og:image:height\" content=\"1024\" \/>\n\t<meta property=\"og:image:type\" content=\"image\/png\" \/>\n<meta name=\"twitter:card\" content=\"summary_large_image\" \/>\n<meta name=\"twitter:site\" content=\"@BIO_Intellig\" \/>\n<meta name=\"twitter:label1\" content=\"Est. tempo de leitura\" \/>\n\t<meta name=\"twitter:data1\" content=\"2 minutos\" \/>\n<script type=\"application\/ld+json\" class=\"yoast-schema-graph\">{\"@context\":\"https:\/\/schema.org\",\"@graph\":[{\"@type\":\"WebPage\",\"@id\":\"https:\/\/pmproject.com.br\/bio\/product\/floresta_vaga-lumes\/\",\"url\":\"https:\/\/pmproject.com.br\/bio\/product\/floresta_vaga-lumes\/\",\"name\":\"FLORESTA DE VAGA-LUMES, A LUZ DA INTELIG\u00caNCIA INFINITA EM VOC\u00ca &#8226; BIO.\",\"isPartOf\":{\"@id\":\"https:\/\/pmproject.com.br\/bio\/#website\"},\"primaryImageOfPage\":{\"@id\":\"https:\/\/pmproject.com.br\/bio\/product\/floresta_vaga-lumes\/#primaryimage\"},\"image\":{\"@id\":\"https:\/\/pmproject.com.br\/bio\/product\/floresta_vaga-lumes\/#primaryimage\"},\"thumbnailUrl\":\"https:\/\/pmproject.com.br\/bio\/wp-content\/uploads\/2021\/07\/BOOK20-FLORESTA-Publicacoes_Produto-.png\",\"datePublished\":\"2021-07-28T21:44:30+00:00\",\"dateModified\":\"2021-07-28T22:48:33+00:00\",\"breadcrumb\":{\"@id\":\"https:\/\/pmproject.com.br\/bio\/product\/floresta_vaga-lumes\/#breadcrumb\"},\"inLanguage\":\"pt-BR\",\"potentialAction\":[{\"@type\":\"ReadAction\",\"target\":[\"https:\/\/pmproject.com.br\/bio\/product\/floresta_vaga-lumes\/\"]}]},{\"@type\":\"ImageObject\",\"inLanguage\":\"pt-BR\",\"@id\":\"https:\/\/pmproject.com.br\/bio\/product\/floresta_vaga-lumes\/#primaryimage\",\"url\":\"https:\/\/pmproject.com.br\/bio\/wp-content\/uploads\/2021\/07\/BOOK20-FLORESTA-Publicacoes_Produto-.png\",\"contentUrl\":\"https:\/\/pmproject.com.br\/bio\/wp-content\/uploads\/2021\/07\/BOOK20-FLORESTA-Publicacoes_Produto-.png\",\"width\":1409,\"height\":2000,\"caption\":\"Capa do Livro FLORESTA DE VAGA-LUMES, A Luz da Intelig\u00eancia Infinita em Voc\u00ea.\"},{\"@type\":\"BreadcrumbList\",\"@id\":\"https:\/\/pmproject.com.br\/bio\/product\/floresta_vaga-lumes\/#breadcrumb\",\"itemListElement\":[{\"@type\":\"ListItem\",\"position\":1,\"name\":\"In\u00edcio\",\"item\":\"https:\/\/pmproject.com.br\/bio\/\"},{\"@type\":\"ListItem\",\"position\":2,\"name\":\"Loja\",\"item\":\"https:\/\/pmproject.com.br\/bio\/loja\/\"},{\"@type\":\"ListItem\",\"position\":3,\"name\":\"FLORESTA DE VAGA-LUMES, A LUZ DA INTELIG\u00caNCIA INFINITA EM VOC\u00ca\"}]},{\"@type\":\"WebSite\",\"@id\":\"https:\/\/pmproject.com.br\/bio\/#website\",\"url\":\"https:\/\/pmproject.com.br\/bio\/\",\"name\":\"BIO\",\"description\":\"BOUTIQUE INTELLIGENCE OFFICE\",\"publisher\":{\"@id\":\"https:\/\/pmproject.com.br\/bio\/#organization\"},\"potentialAction\":[{\"@type\":\"SearchAction\",\"target\":{\"@type\":\"EntryPoint\",\"urlTemplate\":\"https:\/\/pmproject.com.br\/bio\/?s={search_term_string}\"},\"query-input\":{\"@type\":\"PropertyValueSpecification\",\"valueRequired\":true,\"valueName\":\"search_term_string\"}}],\"inLanguage\":\"pt-BR\"},{\"@type\":\"Organization\",\"@id\":\"https:\/\/pmproject.com.br\/bio\/#organization\",\"name\":\"BIO. BOUTIQUE INTELLIGENCE OFFICE\",\"url\":\"https:\/\/pmproject.com.br\/bio\/\",\"logo\":{\"@type\":\"ImageObject\",\"inLanguage\":\"pt-BR\",\"@id\":\"https:\/\/pmproject.com.br\/bio\/#\/schema\/logo\/image\/\",\"url\":\"https:\/\/pmproject.com.br\/bio\/wp-content\/uploads\/2020\/09\/Bio-Brand_Black-1.png\",\"contentUrl\":\"https:\/\/pmproject.com.br\/bio\/wp-content\/uploads\/2020\/09\/Bio-Brand_Black-1.png\",\"width\":1080,\"height\":1080,\"caption\":\"BIO. BOUTIQUE INTELLIGENCE OFFICE\"},\"image\":{\"@id\":\"https:\/\/pmproject.com.br\/bio\/#\/schema\/logo\/image\/\"},\"sameAs\":[\"https:\/\/www.facebook.com\/bio.intelligence.office\/\",\"https:\/\/x.com\/BIO_Intellig\",\"https:\/\/www.instagram.com\/bio.office\/\",\"https:\/\/www.linkedin.com\/company\/biooffice\",\"https:\/\/www.youtube.com\/channel\/UCY0sSiVKy1WN8CNwjNekpBQ\"]}]}<\/script>\n<!-- \/ Yoast SEO plugin. -->","yoast_head_json":{"title":"FLORESTA DE VAGA-LUMES, A LUZ DA INTELIG\u00caNCIA INFINITA EM VOC\u00ca &#8226; BIO.","robots":{"index":"index","follow":"follow","max-snippet":"max-snippet:-1","max-image-preview":"max-image-preview:large","max-video-preview":"max-video-preview:-1"},"canonical":"https:\/\/pmproject.com.br\/bio\/product\/floresta_vaga-lumes\/","og_locale":"pt_BR","og_type":"article","og_title":"FLORESTA DE VAGA-LUMES, A LUZ DA INTELIG\u00caNCIA INFINITA EM VOC\u00ca &#8226; BIO.","og_description":"LIVRO \/ EBOOK KINDLE\u00a0 - EXCLUSIVIDADE   Uma dor intensa toma conta de um pai que perdeu seu filho na floresta. Mas esta n\u00e3o \u00e9 uma floresta comum, mas uma Floresta de Vaga-lumes.  Este \u00e9 um livro que vai transformar a sua vida atrav\u00e9s da compreens\u00e3o da dor.  Os vaga-lumes da floresta negra v\u00e3o levar embora toda a sua dor para trazer a ilumina\u00e7\u00e3o.  FA\u00c7A SUA ENCOMENDA E VOC\u00ca SER\u00c1 INFORMADO QUANDO ESTIVER DISPON\u00cdVEL PELO SITE DA   &nbsp;","og_url":"https:\/\/pmproject.com.br\/bio\/product\/floresta_vaga-lumes\/","og_site_name":"BIO.","article_publisher":"https:\/\/www.facebook.com\/bio.intelligence.office\/","article_modified_time":"2021-07-28T22:48:33+00:00","og_image":[{"width":721,"height":1024,"url":"https:\/\/pmproject.com.br\/bio\/wp-content\/uploads\/2021\/07\/BOOK20-FLORESTA-Publicacoes_Produto--721x1024.png","type":"image\/png"}],"twitter_card":"summary_large_image","twitter_site":"@BIO_Intellig","twitter_misc":{"Est. tempo de leitura":"2 minutos"},"schema":{"@context":"https:\/\/schema.org","@graph":[{"@type":"WebPage","@id":"https:\/\/pmproject.com.br\/bio\/product\/floresta_vaga-lumes\/","url":"https:\/\/pmproject.com.br\/bio\/product\/floresta_vaga-lumes\/","name":"FLORESTA DE VAGA-LUMES, A LUZ DA INTELIG\u00caNCIA INFINITA EM VOC\u00ca &#8226; BIO.","isPartOf":{"@id":"https:\/\/pmproject.com.br\/bio\/#website"},"primaryImageOfPage":{"@id":"https:\/\/pmproject.com.br\/bio\/product\/floresta_vaga-lumes\/#primaryimage"},"image":{"@id":"https:\/\/pmproject.com.br\/bio\/product\/floresta_vaga-lumes\/#primaryimage"},"thumbnailUrl":"https:\/\/pmproject.com.br\/bio\/wp-content\/uploads\/2021\/07\/BOOK20-FLORESTA-Publicacoes_Produto-.png","datePublished":"2021-07-28T21:44:30+00:00","dateModified":"2021-07-28T22:48:33+00:00","breadcrumb":{"@id":"https:\/\/pmproject.com.br\/bio\/product\/floresta_vaga-lumes\/#breadcrumb"},"inLanguage":"pt-BR","potentialAction":[{"@type":"ReadAction","target":["https:\/\/pmproject.com.br\/bio\/product\/floresta_vaga-lumes\/"]}]},{"@type":"ImageObject","inLanguage":"pt-BR","@id":"https:\/\/pmproject.com.br\/bio\/product\/floresta_vaga-lumes\/#primaryimage","url":"https:\/\/pmproject.com.br\/bio\/wp-content\/uploads\/2021\/07\/BOOK20-FLORESTA-Publicacoes_Produto-.png","contentUrl":"https:\/\/pmproject.com.br\/bio\/wp-content\/uploads\/2021\/07\/BOOK20-FLORESTA-Publicacoes_Produto-.png","width":1409,"height":2000,"caption":"Capa do Livro FLORESTA DE VAGA-LUMES, A Luz da Intelig\u00eancia Infinita em Voc\u00ea."},{"@type":"BreadcrumbList","@id":"https:\/\/pmproject.com.br\/bio\/product\/floresta_vaga-lumes\/#breadcrumb","itemListElement":[{"@type":"ListItem","position":1,"name":"In\u00edcio","item":"https:\/\/pmproject.com.br\/bio\/"},{"@type":"ListItem","position":2,"name":"Loja","item":"https:\/\/pmproject.com.br\/bio\/loja\/"},{"@type":"ListItem","position":3,"name":"FLORESTA DE VAGA-LUMES, A LUZ DA INTELIG\u00caNCIA INFINITA EM VOC\u00ca"}]},{"@type":"WebSite","@id":"https:\/\/pmproject.com.br\/bio\/#website","url":"https:\/\/pmproject.com.br\/bio\/","name":"BIO","description":"BOUTIQUE INTELLIGENCE OFFICE","publisher":{"@id":"https:\/\/pmproject.com.br\/bio\/#organization"},"potentialAction":[{"@type":"SearchAction","target":{"@type":"EntryPoint","urlTemplate":"https:\/\/pmproject.com.br\/bio\/?s={search_term_string}"},"query-input":{"@type":"PropertyValueSpecification","valueRequired":true,"valueName":"search_term_string"}}],"inLanguage":"pt-BR"},{"@type":"Organization","@id":"https:\/\/pmproject.com.br\/bio\/#organization","name":"BIO. BOUTIQUE INTELLIGENCE OFFICE","url":"https:\/\/pmproject.com.br\/bio\/","logo":{"@type":"ImageObject","inLanguage":"pt-BR","@id":"https:\/\/pmproject.com.br\/bio\/#\/schema\/logo\/image\/","url":"https:\/\/pmproject.com.br\/bio\/wp-content\/uploads\/2020\/09\/Bio-Brand_Black-1.png","contentUrl":"https:\/\/pmproject.com.br\/bio\/wp-content\/uploads\/2020\/09\/Bio-Brand_Black-1.png","width":1080,"height":1080,"caption":"BIO. BOUTIQUE INTELLIGENCE OFFICE"},"image":{"@id":"https:\/\/pmproject.com.br\/bio\/#\/schema\/logo\/image\/"},"sameAs":["https:\/\/www.facebook.com\/bio.intelligence.office\/","https:\/\/x.com\/BIO_Intellig","https:\/\/www.instagram.com\/bio.office\/","https:\/\/www.linkedin.com\/company\/biooffice","https:\/\/www.youtube.com\/channel\/UCY0sSiVKy1WN8CNwjNekpBQ"]}]}},"jetpack_sharing_enabled":true,"_links":{"self":[{"href":"https:\/\/pmproject.com.br\/bio\/wp-json\/wp\/v2\/product\/365","targetHints":{"allow":["GET"]}}],"collection":[{"href":"https:\/\/pmproject.com.br\/bio\/wp-json\/wp\/v2\/product"}],"about":[{"href":"https:\/\/pmproject.com.br\/bio\/wp-json\/wp\/v2\/types\/product"}],"replies":[{"embeddable":true,"href":"https:\/\/pmproject.com.br\/bio\/wp-json\/wp\/v2\/comments?post=365"}],"wp:featuredmedia":[{"embeddable":true,"href":"https:\/\/pmproject.com.br\/bio\/wp-json\/wp\/v2\/media\/373"}],"wp:attachment":[{"href":"https:\/\/pmproject.com.br\/bio\/wp-json\/wp\/v2\/media?parent=365"}],"wp:term":[{"taxonomy":"product_brand","embeddable":true,"href":"https:\/\/pmproject.com.br\/bio\/wp-json\/wp\/v2\/product_brand?post=365"},{"taxonomy":"product_cat","embeddable":true,"href":"https:\/\/pmproject.com.br\/bio\/wp-json\/wp\/v2\/product_cat?post=365"},{"taxonomy":"product_tag","embeddable":true,"href":"https:\/\/pmproject.com.br\/bio\/wp-json\/wp\/v2\/product_tag?post=365"}],"curies":[{"name":"wp","href":"https:\/\/api.w.org\/{rel}","templated":true}]}}