{"id":337,"date":"2021-06-27T02:36:23","date_gmt":"2021-06-27T05:36:23","guid":{"rendered":"https:\/\/pmproject.com.br\/bio\/?post_type=product&#038;p=337"},"modified":"2021-08-30T14:17:30","modified_gmt":"2021-08-30T17:17:30","slug":"egi_ebook","status":"publish","type":"product","link":"https:\/\/pmproject.com.br\/bio\/product\/egi_ebook\/","title":{"rendered":"ESCRIT\u00d3RIOS DE GEST\u00c3O INTELIGENTE (EBOOK)"},"content":{"rendered":"<p><iframe loading=\"lazy\" title=\"ESCRIT\u00d3RIOS DE GEST\u00c3O INTELIGENTE (MANAGEMENT)\" type=\"text\/html\" width=\"830\" height=\"550\" frameborder=\"0\" allowfullscreen style=\"max-width:100%\" src=\"https:\/\/ler.amazon.com.br\/kp\/card?preview=inline&#038;linkCode=kpd&#038;ref_=k4w_oembed_0IzwBZN5a6hWSA&#038;asin=B098187YHR&#038;tag=kpembed-20\"><\/iframe><\/p>\n<p><b>O NOVO CONCEITO PARA TRANSFORMAR A GEST\u00c3O ORGANIZACIONAL<\/b><br \/>\nTodos os n\u00edveis de gest\u00e3o est\u00e3o saturados com a alta demanda nas organiza\u00e7\u00f5es. O C-level e o M-level est\u00e3o atuando em atividades internas deixando o foco no cliente para segundo plano. Este livro traz a vis\u00e3o da Gest\u00e3o Inteligente ligada a gest\u00e3o \u00e1gil de neg\u00f3cios e projetos e a gest\u00e3o de sucesso do cliente. Um novo conceito de gest\u00e3o com as melhores pr\u00e1ticas mundiais de transforma\u00e7\u00e3o organizacional.<\/p>\n<p><b>OS DESAFIOS DA GEST\u00c3O<\/b><br \/>\nA gest\u00e3o nunca foi t\u00e3o testada como na era da transforma\u00e7\u00e3o digital. Um gigantesco volume de informa\u00e7\u00f5es \u00e9 inserido no mercado.\u00a0<i>Data Science, Machine Learning, IoT,<\/i>\u00a0Intelig\u00eancia Artificial e a transforma\u00e7\u00e3o da tecnologia aliados aos desafios macroecon\u00f4micos da atualidade, tudo passa pela gest\u00e3o. A solu\u00e7\u00e3o \u00e9 transformar os processos das organiza\u00e7\u00f5es em processos inteligentes. O futuro da gest\u00e3o chegou atrav\u00e9s da Gest\u00e3o Inteligente. Um novo formato promete revolucionar neg\u00f3cios e projetos, os\u00a0<b>Escrit\u00f3rios de Gest\u00e3o Inteligente<\/b>.<\/p>\n<p>Uma s\u00e9rie completa sobre\u00a0<i>Management Intelligence<\/i>\u00a0trazida pela BIO.- Boutique Intelligence Office. Este livro,\u00a0<b>Escrit\u00f3rios de Gest\u00e3o Inteligente\u00a0<\/b>faz parte da s\u00e9rie Management e traz conceitos e pr\u00e1ticas para implanta\u00e7\u00e3o de escrit\u00f3rios conceitos de gest\u00e3o em todas as \u00e1reas organizacionais.<\/p>\n<p><b>O ESCRIT\u00d3RIO CONCEITO<\/b><br \/>\nO PMPROJECT BMO \u2013 Boutique Intelligence Office, com mais de 20 anos de experi\u00eancia em gest\u00e3o inteligente de neg\u00f3cios e projetos compartilha sua receita de sucesso atrav\u00e9s deste livro. As pr\u00e1ticas de Gest\u00e3o Inteligente, os m\u00e9todos que v\u00e3o revolucionar os processos de gest\u00e3o e o mais poderoso framework de intelig\u00eancia de gest\u00e3o, o CSI Framework podem ser encontrados neste livro.<\/p>\n<p>O conhecimento das grandes corpora\u00e7\u00f5es, das Startups e Small Business e o Sucesso do Cliente, todos alinhados atrav\u00e9s da Gest\u00e3o Inteligente prometem transformar a maneira de fazer gest\u00e3o nas organiza\u00e7\u00f5es.<\/p>\n<p><b>UM NEG\u00d3CIO PARA QUEM DESEJA EMPREENDER<\/b><br \/>\nOs Escrit\u00f3rios de Gest\u00e3o Inteligente podem ser adquiridos atrav\u00e9s das licen\u00e7as de uso e opera\u00e7\u00e3o de escrit\u00f3rios conceitos independentes. Um neg\u00f3cio de sucesso para atuar com a Gest\u00e3o Inteligente. Saiba como montar o seu pr\u00f3prio neg\u00f3cio de Gest\u00e3o Inteligente com este livro.<\/p>\n<p><b>UM GUIA PARA TODAS AS \u00c1REAS DE GEST\u00c3O<\/b><br \/>\nDa gest\u00e3o operacional ao C-level, o livro Escrit\u00f3rios de Gest\u00e3o Inteligente \u00e9 o guia organizacional para a era da transforma\u00e7\u00e3o digital.<\/p>\n<p>Venha implantar um Escrit\u00f3rio de Gest\u00e3o Inteligente na sua organiza\u00e7\u00e3o com este manual de gest\u00e3o para o futuro, porque o futuro da gest\u00e3o come\u00e7a aqui.<\/p>\n<p>CLIQUE AQUI PARA COMPRAR NA LOJA DA BIO.<\/p>\n<ul>\n<li>ASIN \u200f : \u200e B098187YHR<\/li>\n<li>Editora \u200f : \u200e MARCELO MARQUES GRANADO \/ BIO. BOUTIQUE INTELLGENCE OFFICE (25 junho 2021)<\/li>\n<li>Idioma \u200f : \u200e Portugu\u00eas<\/li>\n<li>Tamanho do arquivo \u200f : \u200e 24642 KB<\/li>\n<li>Quantidade de dispositivos em que \u00e9 poss\u00edvel ler este eBook ao mesmo tempo \u200f : \u200e Ilimitado<\/li>\n<li>Leitura de texto \u200f : \u200e Habilitado<\/li>\n<li>Configura\u00e7\u00e3o de fonte \u200f : \u200e Habilitado<\/li>\n<li>Dicas de vocabul\u00e1rio \u200f : \u200e N\u00e3o habilitado<\/li>\n<li>N\u00famero de p\u00e1ginas \u200f : \u200e 417 p\u00e1ginas<\/li>\n<\/ul>\n","protected":false},"excerpt":{"rendered":"<p>&nbsp;<\/p>\n[caption id=\"attachment_321\" align=\"alignleft\" width=\"211\"]<img loading=\"lazy\" decoding=\"async\" class=\"wp-image-321 size-medium\" src=\"https:\/\/pmproject.com.br\/bio\/wp-content\/uploads\/2021\/06\/Book4_-Escritorios-de-Gestao-Inteligente-211x300.png\" alt=\"EBOOK EGI\" width=\"211\" height=\"300\" srcset=\"https:\/\/pmproject.com.br\/bio\/wp-content\/uploads\/2021\/06\/Book4_-Escritorios-de-Gestao-Inteligente-211x300.png 211w, https:\/\/pmproject.com.br\/bio\/wp-content\/uploads\/2021\/06\/Book4_-Escritorios-de-Gestao-Inteligente-600x852.png 600w, https:\/\/pmproject.com.br\/bio\/wp-content\/uploads\/2021\/06\/Book4_-Escritorios-de-Gestao-Inteligente.png 704w\" sizes=\"auto, (max-width: 211px) 100vw, 211px\" \/> Capa do Livro ESCRIT\u00d3RIOS DE GEST\u00c3O INTELIGENTE[\/caption]\n<p>LIVRO \/ EBOOK KINDLE\u00a0 &#8211; EXCLUSIVIDADE <img loading=\"lazy\" decoding=\"async\" class=\"wp-image-73 alignnone\" src=\"https:\/\/pmproject.com.br\/bio\/wp-content\/uploads\/2020\/09\/amazon-e1600403842823.png\" alt=\"\" width=\"108\" height=\"35\" srcset=\"https:\/\/pmproject.com.br\/bio\/wp-content\/uploads\/2020\/09\/amazon-e1600403842823.png 471w, https:\/\/pmproject.com.br\/bio\/wp-content\/uploads\/2020\/09\/amazon-e1600403842823-300x97.png 300w\" sizes=\"auto, (max-width: 108px) 100vw, 108px\" \/><\/p>\n<p class=\"_04xlpA direction-ltr align-justify para-style-body\"><span class=\"JsGRdQ\">A Gest\u00e3o Inteligente \u00e9 uma realidade das Startups. Grandes corpora\u00e7\u00f5es e multinacionais tamb\u00e9m j\u00e1 experimentaram os benef\u00edcios da Gest\u00e3o Inteligente. Chegou a hora de todas as organiza\u00e7\u00f5es conhecerem os Escrit\u00f3rios de Gest\u00e3o Inteligente.<\/span><\/p>\n<p class=\"_04xlpA direction-ltr align-justify para-style-body\"><span class=\"JsGRdQ\">A Gest\u00e3o Inteligente \u00e9 desenvolvida a partir de uma s\u00e9rie de processos inteligentes aplicados ao mundo dos neg\u00f3cios e projetos. Os escrit\u00f3rios espalhados pelo mundo compartilham os processos e pr\u00e1ticas de Gest\u00e3o Inteligente.<\/span><\/p>\n<p class=\"_04xlpA direction-ltr align-justify para-style-body\"><span class=\"JsGRdQ\">Os Escrit\u00f3rios de Gest\u00e3o Inteligente s\u00e3o inspirados no Escrit\u00f3rio de Gest\u00e3o de Projetos &#8211; PMO e no Centro de Servi\u00e7os Compartilhados &#8211; CSC. Enquanto o PMO e o CSC atuam em projetos e servi\u00e7os, os Escrit\u00f3rios de Gest\u00e3o Inteligente atuam em todas as \u00e1reas de gest\u00e3o.<\/span><\/p>\n<p class=\"_04xlpA direction-ltr align-justify para-style-body\"><span class=\"JsGRdQ\">Da gest\u00e3o operacional ao C-Level, passando por processos de decis\u00e3o, indicadores, a\u00e7\u00f5es e resultados inteligentes, todos est\u00e3o sob a gest\u00e3o do Escrit\u00f3rio de Gest\u00e3o Inteligente.<\/span><\/p>\n<p class=\"_04xlpA direction-ltr align-justify para-style-body\"><span class=\"JsGRdQ\">Este livro \u00e9 o resultado de projetos, consultorias e desenvolvimento inteligente de gest\u00e3o ao longo de mais de 20 anos de experi\u00eancia.<\/span><\/p>\n<p class=\"_04xlpA direction-ltr align-justify para-style-body\"><span class=\"JsGRdQ\">Escrit\u00f3rios de Gest\u00e3o Inteligente \u00e9 o novo conceito de gest\u00e3o para transformar as organiza\u00e7\u00f5es. Saiba como implementar a Gest\u00e3o Inteligente em todas as \u00e1reas da organiza\u00e7\u00e3o.<\/span><\/p>\n<p class=\"_04xlpA direction-ltr align-justify para-style-body\"><span class=\"JsGRdQ\">O futuro da gest\u00e3o come\u00e7a aqui.<\/span><\/p>\n<p>FA\u00c7A SUA ENCOMENDA E VOC\u00ca SER\u00c1 INFORMADO QUANDO ESTIVER DISPON\u00cdVEL PELO SITE DA <img loading=\"lazy\" decoding=\"async\" class=\"alignnone wp-image-73\" src=\"https:\/\/pmproject.com.br\/bio\/wp-content\/uploads\/2020\/09\/amazon-e1600403842823.png\" alt=\"\" width=\"99\" height=\"32\" srcset=\"https:\/\/pmproject.com.br\/bio\/wp-content\/uploads\/2020\/09\/amazon-e1600403842823.png 471w, https:\/\/pmproject.com.br\/bio\/wp-content\/uploads\/2020\/09\/amazon-e1600403842823-300x97.png 300w\" sizes=\"auto, (max-width: 99px) 100vw, 99px\" \/><\/p>\n","protected":false},"featured_media":321,"comment_status":"open","ping_status":"closed","template":"","meta":{"pmpro_default_level":""},"product_brand":[],"product_cat":[16,17,24],"product_tag":[29,25,26,27,28],"class_list":{"0":"post-337","1":"product","2":"type-product","3":"status-publish","4":"has-post-thumbnail","6":"product_cat-bioproducts","7":"product_cat-portfolio-de-inteligencia-infinita","8":"product_cat-portfolio-de-negocios-e-projetos","9":"product_tag-data-science","10":"product_tag-gestao","11":"product_tag-inteligencia","12":"product_tag-negocios","13":"product_tag-projetos","14":"pmpro-has-access","16":"first","17":"instock","18":"taxable","19":"shipping-taxable","20":"product-type-external"},"yoast_head":"<!-- This site is optimized with the Yoast SEO plugin v27.2 - https:\/\/yoast.com\/product\/yoast-seo-wordpress\/ -->\n<title>ESCRIT\u00d3RIOS DE GEST\u00c3O INTELIGENTE (EBOOK) &#8226; BIO.<\/title>\n<meta name=\"description\" content=\"O livro Escrit\u00f3rios de Gest\u00e3o Inteligente traz a realidade das Startups e das grandes multinacionais, a Gest\u00e3o Inteligente. Adquira j\u00e1 o seu.\" \/>\n<meta name=\"robots\" content=\"index, follow, max-snippet:-1, max-image-preview:large, max-video-preview:-1\" \/>\n<link rel=\"canonical\" href=\"https:\/\/pmproject.com.br\/bio\/product\/egi_ebook\/\" \/>\n<meta property=\"og:locale\" content=\"pt_BR\" \/>\n<meta property=\"og:type\" content=\"article\" \/>\n<meta property=\"og:title\" content=\"ESCRIT\u00d3RIOS DE GEST\u00c3O INTELIGENTE (EBOOK) &#8226; BIO.\" \/>\n<meta property=\"og:description\" content=\"O livro Escrit\u00f3rios de Gest\u00e3o Inteligente traz a realidade das Startups e das grandes multinacionais, a Gest\u00e3o Inteligente. Adquira j\u00e1 o seu.\" \/>\n<meta property=\"og:url\" content=\"https:\/\/pmproject.com.br\/bio\/product\/egi_ebook\/\" \/>\n<meta property=\"og:site_name\" content=\"BIO.\" \/>\n<meta property=\"article:publisher\" content=\"https:\/\/www.facebook.com\/bio.intelligence.office\/\" \/>\n<meta property=\"article:modified_time\" content=\"2021-08-30T17:17:30+00:00\" \/>\n<meta property=\"og:image\" content=\"https:\/\/pmproject.com.br\/bio\/wp-content\/uploads\/2021\/06\/Book4_-Escritorios-de-Gestao-Inteligente.png\" \/>\n\t<meta property=\"og:image:width\" content=\"704\" \/>\n\t<meta property=\"og:image:height\" content=\"1000\" \/>\n\t<meta property=\"og:image:type\" content=\"image\/png\" \/>\n<meta name=\"twitter:card\" content=\"summary_large_image\" \/>\n<meta name=\"twitter:site\" content=\"@BIO_Intellig\" \/>\n<meta name=\"twitter:label1\" content=\"Est. tempo de leitura\" \/>\n\t<meta name=\"twitter:data1\" content=\"3 minutos\" \/>\n<script type=\"application\/ld+json\" class=\"yoast-schema-graph\">{\"@context\":\"https:\/\/schema.org\",\"@graph\":[{\"@type\":\"WebPage\",\"@id\":\"https:\/\/pmproject.com.br\/bio\/product\/egi_ebook\/\",\"url\":\"https:\/\/pmproject.com.br\/bio\/product\/egi_ebook\/\",\"name\":\"ESCRIT\u00d3RIOS DE GEST\u00c3O INTELIGENTE (EBOOK) &#8226; BIO.\",\"isPartOf\":{\"@id\":\"https:\/\/pmproject.com.br\/bio\/#website\"},\"primaryImageOfPage\":{\"@id\":\"https:\/\/pmproject.com.br\/bio\/product\/egi_ebook\/#primaryimage\"},\"image\":{\"@id\":\"https:\/\/pmproject.com.br\/bio\/product\/egi_ebook\/#primaryimage\"},\"thumbnailUrl\":\"https:\/\/pmproject.com.br\/bio\/wp-content\/uploads\/2021\/06\/Book4_-Escritorios-de-Gestao-Inteligente.png\",\"datePublished\":\"2021-06-27T05:36:23+00:00\",\"dateModified\":\"2021-08-30T17:17:30+00:00\",\"description\":\"O livro Escrit\u00f3rios de Gest\u00e3o Inteligente traz a realidade das Startups e das grandes multinacionais, a Gest\u00e3o Inteligente. Adquira j\u00e1 o seu.\",\"breadcrumb\":{\"@id\":\"https:\/\/pmproject.com.br\/bio\/product\/egi_ebook\/#breadcrumb\"},\"inLanguage\":\"pt-BR\",\"potentialAction\":[{\"@type\":\"ReadAction\",\"target\":[\"https:\/\/pmproject.com.br\/bio\/product\/egi_ebook\/\"]}]},{\"@type\":\"ImageObject\",\"inLanguage\":\"pt-BR\",\"@id\":\"https:\/\/pmproject.com.br\/bio\/product\/egi_ebook\/#primaryimage\",\"url\":\"https:\/\/pmproject.com.br\/bio\/wp-content\/uploads\/2021\/06\/Book4_-Escritorios-de-Gestao-Inteligente.png\",\"contentUrl\":\"https:\/\/pmproject.com.br\/bio\/wp-content\/uploads\/2021\/06\/Book4_-Escritorios-de-Gestao-Inteligente.png\",\"width\":704,\"height\":1000,\"caption\":\"Capa do Livro ESCRIT\u00d3RIOS DE GEST\u00c3O INTELIGENTE\"},{\"@type\":\"BreadcrumbList\",\"@id\":\"https:\/\/pmproject.com.br\/bio\/product\/egi_ebook\/#breadcrumb\",\"itemListElement\":[{\"@type\":\"ListItem\",\"position\":1,\"name\":\"In\u00edcio\",\"item\":\"https:\/\/pmproject.com.br\/bio\/\"},{\"@type\":\"ListItem\",\"position\":2,\"name\":\"Loja\",\"item\":\"https:\/\/pmproject.com.br\/bio\/loja\/\"},{\"@type\":\"ListItem\",\"position\":3,\"name\":\"ESCRIT\u00d3RIOS DE GEST\u00c3O INTELIGENTE (EBOOK)\"}]},{\"@type\":\"WebSite\",\"@id\":\"https:\/\/pmproject.com.br\/bio\/#website\",\"url\":\"https:\/\/pmproject.com.br\/bio\/\",\"name\":\"BIO\",\"description\":\"BOUTIQUE INTELLIGENCE OFFICE\",\"publisher\":{\"@id\":\"https:\/\/pmproject.com.br\/bio\/#organization\"},\"potentialAction\":[{\"@type\":\"SearchAction\",\"target\":{\"@type\":\"EntryPoint\",\"urlTemplate\":\"https:\/\/pmproject.com.br\/bio\/?s={search_term_string}\"},\"query-input\":{\"@type\":\"PropertyValueSpecification\",\"valueRequired\":true,\"valueName\":\"search_term_string\"}}],\"inLanguage\":\"pt-BR\"},{\"@type\":\"Organization\",\"@id\":\"https:\/\/pmproject.com.br\/bio\/#organization\",\"name\":\"BIO. BOUTIQUE INTELLIGENCE OFFICE\",\"url\":\"https:\/\/pmproject.com.br\/bio\/\",\"logo\":{\"@type\":\"ImageObject\",\"inLanguage\":\"pt-BR\",\"@id\":\"https:\/\/pmproject.com.br\/bio\/#\/schema\/logo\/image\/\",\"url\":\"https:\/\/pmproject.com.br\/bio\/wp-content\/uploads\/2020\/09\/Bio-Brand_Black-1.png\",\"contentUrl\":\"https:\/\/pmproject.com.br\/bio\/wp-content\/uploads\/2020\/09\/Bio-Brand_Black-1.png\",\"width\":1080,\"height\":1080,\"caption\":\"BIO. BOUTIQUE INTELLIGENCE OFFICE\"},\"image\":{\"@id\":\"https:\/\/pmproject.com.br\/bio\/#\/schema\/logo\/image\/\"},\"sameAs\":[\"https:\/\/www.facebook.com\/bio.intelligence.office\/\",\"https:\/\/x.com\/BIO_Intellig\",\"https:\/\/www.instagram.com\/bio.office\/\",\"https:\/\/www.linkedin.com\/company\/biooffice\",\"https:\/\/www.youtube.com\/channel\/UCY0sSiVKy1WN8CNwjNekpBQ\"]}]}<\/script>\n<!-- \/ Yoast SEO plugin. -->","yoast_head_json":{"title":"ESCRIT\u00d3RIOS DE GEST\u00c3O INTELIGENTE (EBOOK) &#8226; BIO.","description":"O livro Escrit\u00f3rios de Gest\u00e3o Inteligente traz a realidade das Startups e das grandes multinacionais, a Gest\u00e3o Inteligente. Adquira j\u00e1 o seu.","robots":{"index":"index","follow":"follow","max-snippet":"max-snippet:-1","max-image-preview":"max-image-preview:large","max-video-preview":"max-video-preview:-1"},"canonical":"https:\/\/pmproject.com.br\/bio\/product\/egi_ebook\/","og_locale":"pt_BR","og_type":"article","og_title":"ESCRIT\u00d3RIOS DE GEST\u00c3O INTELIGENTE (EBOOK) &#8226; BIO.","og_description":"O livro Escrit\u00f3rios de Gest\u00e3o Inteligente traz a realidade das Startups e das grandes multinacionais, a Gest\u00e3o Inteligente. Adquira j\u00e1 o seu.","og_url":"https:\/\/pmproject.com.br\/bio\/product\/egi_ebook\/","og_site_name":"BIO.","article_publisher":"https:\/\/www.facebook.com\/bio.intelligence.office\/","article_modified_time":"2021-08-30T17:17:30+00:00","og_image":[{"width":704,"height":1000,"url":"https:\/\/pmproject.com.br\/bio\/wp-content\/uploads\/2021\/06\/Book4_-Escritorios-de-Gestao-Inteligente.png","type":"image\/png"}],"twitter_card":"summary_large_image","twitter_site":"@BIO_Intellig","twitter_misc":{"Est. tempo de leitura":"3 minutos"},"schema":{"@context":"https:\/\/schema.org","@graph":[{"@type":"WebPage","@id":"https:\/\/pmproject.com.br\/bio\/product\/egi_ebook\/","url":"https:\/\/pmproject.com.br\/bio\/product\/egi_ebook\/","name":"ESCRIT\u00d3RIOS DE GEST\u00c3O INTELIGENTE (EBOOK) &#8226; BIO.","isPartOf":{"@id":"https:\/\/pmproject.com.br\/bio\/#website"},"primaryImageOfPage":{"@id":"https:\/\/pmproject.com.br\/bio\/product\/egi_ebook\/#primaryimage"},"image":{"@id":"https:\/\/pmproject.com.br\/bio\/product\/egi_ebook\/#primaryimage"},"thumbnailUrl":"https:\/\/pmproject.com.br\/bio\/wp-content\/uploads\/2021\/06\/Book4_-Escritorios-de-Gestao-Inteligente.png","datePublished":"2021-06-27T05:36:23+00:00","dateModified":"2021-08-30T17:17:30+00:00","description":"O livro Escrit\u00f3rios de Gest\u00e3o Inteligente traz a realidade das Startups e das grandes multinacionais, a Gest\u00e3o Inteligente. Adquira j\u00e1 o seu.","breadcrumb":{"@id":"https:\/\/pmproject.com.br\/bio\/product\/egi_ebook\/#breadcrumb"},"inLanguage":"pt-BR","potentialAction":[{"@type":"ReadAction","target":["https:\/\/pmproject.com.br\/bio\/product\/egi_ebook\/"]}]},{"@type":"ImageObject","inLanguage":"pt-BR","@id":"https:\/\/pmproject.com.br\/bio\/product\/egi_ebook\/#primaryimage","url":"https:\/\/pmproject.com.br\/bio\/wp-content\/uploads\/2021\/06\/Book4_-Escritorios-de-Gestao-Inteligente.png","contentUrl":"https:\/\/pmproject.com.br\/bio\/wp-content\/uploads\/2021\/06\/Book4_-Escritorios-de-Gestao-Inteligente.png","width":704,"height":1000,"caption":"Capa do Livro ESCRIT\u00d3RIOS DE GEST\u00c3O INTELIGENTE"},{"@type":"BreadcrumbList","@id":"https:\/\/pmproject.com.br\/bio\/product\/egi_ebook\/#breadcrumb","itemListElement":[{"@type":"ListItem","position":1,"name":"In\u00edcio","item":"https:\/\/pmproject.com.br\/bio\/"},{"@type":"ListItem","position":2,"name":"Loja","item":"https:\/\/pmproject.com.br\/bio\/loja\/"},{"@type":"ListItem","position":3,"name":"ESCRIT\u00d3RIOS DE GEST\u00c3O INTELIGENTE (EBOOK)"}]},{"@type":"WebSite","@id":"https:\/\/pmproject.com.br\/bio\/#website","url":"https:\/\/pmproject.com.br\/bio\/","name":"BIO","description":"BOUTIQUE INTELLIGENCE OFFICE","publisher":{"@id":"https:\/\/pmproject.com.br\/bio\/#organization"},"potentialAction":[{"@type":"SearchAction","target":{"@type":"EntryPoint","urlTemplate":"https:\/\/pmproject.com.br\/bio\/?s={search_term_string}"},"query-input":{"@type":"PropertyValueSpecification","valueRequired":true,"valueName":"search_term_string"}}],"inLanguage":"pt-BR"},{"@type":"Organization","@id":"https:\/\/pmproject.com.br\/bio\/#organization","name":"BIO. BOUTIQUE INTELLIGENCE OFFICE","url":"https:\/\/pmproject.com.br\/bio\/","logo":{"@type":"ImageObject","inLanguage":"pt-BR","@id":"https:\/\/pmproject.com.br\/bio\/#\/schema\/logo\/image\/","url":"https:\/\/pmproject.com.br\/bio\/wp-content\/uploads\/2020\/09\/Bio-Brand_Black-1.png","contentUrl":"https:\/\/pmproject.com.br\/bio\/wp-content\/uploads\/2020\/09\/Bio-Brand_Black-1.png","width":1080,"height":1080,"caption":"BIO. BOUTIQUE INTELLIGENCE OFFICE"},"image":{"@id":"https:\/\/pmproject.com.br\/bio\/#\/schema\/logo\/image\/"},"sameAs":["https:\/\/www.facebook.com\/bio.intelligence.office\/","https:\/\/x.com\/BIO_Intellig","https:\/\/www.instagram.com\/bio.office\/","https:\/\/www.linkedin.com\/company\/biooffice","https:\/\/www.youtube.com\/channel\/UCY0sSiVKy1WN8CNwjNekpBQ"]}]}},"jetpack_sharing_enabled":true,"_links":{"self":[{"href":"https:\/\/pmproject.com.br\/bio\/wp-json\/wp\/v2\/product\/337","targetHints":{"allow":["GET"]}}],"collection":[{"href":"https:\/\/pmproject.com.br\/bio\/wp-json\/wp\/v2\/product"}],"about":[{"href":"https:\/\/pmproject.com.br\/bio\/wp-json\/wp\/v2\/types\/product"}],"replies":[{"embeddable":true,"href":"https:\/\/pmproject.com.br\/bio\/wp-json\/wp\/v2\/comments?post=337"}],"wp:featuredmedia":[{"embeddable":true,"href":"https:\/\/pmproject.com.br\/bio\/wp-json\/wp\/v2\/media\/321"}],"wp:attachment":[{"href":"https:\/\/pmproject.com.br\/bio\/wp-json\/wp\/v2\/media?parent=337"}],"wp:term":[{"taxonomy":"product_brand","embeddable":true,"href":"https:\/\/pmproject.com.br\/bio\/wp-json\/wp\/v2\/product_brand?post=337"},{"taxonomy":"product_cat","embeddable":true,"href":"https:\/\/pmproject.com.br\/bio\/wp-json\/wp\/v2\/product_cat?post=337"},{"taxonomy":"product_tag","embeddable":true,"href":"https:\/\/pmproject.com.br\/bio\/wp-json\/wp\/v2\/product_tag?post=337"}],"curies":[{"name":"wp","href":"https:\/\/api.w.org\/{rel}","templated":true}]}}