{"id":2,"date":"2020-06-26T01:34:45","date_gmt":"2020-06-26T01:34:45","guid":{"rendered":"https:\/\/pmproject.com.br\/bio\/?page_id=2"},"modified":"2022-01-11T16:16:48","modified_gmt":"2022-01-11T19:16:48","slug":"o-lugar-da-inteligencia","status":"publish","type":"page","link":"https:\/\/pmproject.com.br\/bio\/o-lugar-da-inteligencia\/","title":{"rendered":"O LUGAR DA INTELIG\u00caNCIA \u00e9 aqui na BIO."},"content":{"rendered":"\n<p>A BIO. STORE \/ BIO. BOUTIQUE INTELLIGENCE OFFICE ou simplesmente BIO. \u00e9 diferente de tudo o que voc\u00ea j\u00e1 viu. O objetivo da BIO. \u00e9 atuar no pensamento, na intelig\u00eancia e em tudo o que possa levar e elevar o crescimento do ser humano. Vamos trabalhar para desenvolver a humanidade. O desenvolvimento ser\u00e1 atrav\u00e9s da Intelig\u00eancia Infinita. Por essa raz\u00e3o a BIO. \u00e9 o lugar da Intelig\u00eancia. <\/p>\n\n\n\n<p>A BIO. (BIO DOT) sempre acompanhada de um ponto. A BIO. n\u00e3o \u00e9 uma loja de livros, produtos ou servi\u00e7os. Est\u00e1 muito al\u00e9m disso. A BIO. \u00e9 o primeiro lugar do mundo a apresentar produtos e servi\u00e7os de intelig\u00eancia.  Em outras palavras, conectar voc\u00ea ao seu interior. Acima de tudo, elevar a consci\u00eancia humana a outro patamar.<\/p>\n\n\n\n<h3 class=\"wp-block-heading\">O prop\u00f3sito<\/h3>\n\n\n\n<blockquote class=\"wp-block-quote is-layout-flow wp-block-quote-is-layout-flow\"><p>O nosso desejo \u00e9 transformar a vida. Criar express\u00f5es de vida atrav\u00e9s das nossas <a href=\"https:\/\/pmproject.com.br\/bio\/loja\/\">publica\u00e7\u00f5es<\/a> e materiais. Nossa meta \u00e9 levar voc\u00ea, e toda a humanidade, para uma evolu\u00e7\u00e3o do pensamento. Assim vamos nos conhecer por completo.<\/p><p>.<\/p><cite><a href=\"https:\/\/pmproject.com.br\/bio\/projeto-da-sua-vida\/\" target=\"_blank\" rel=\"noreferrer noopener\">CEO DA BIO<\/a>.<\/cite><\/blockquote>\n\n\n\n<p>&#8230;E tem mais:<\/p>\n\n\n\n<blockquote class=\"wp-block-quote is-layout-flow wp-block-quote-is-layout-flow\"><p>O prop\u00f3sito da BIO. \u00e9 levar voc\u00ea encontrar-se e mudar o mundo a <a href=\"https:\/\/pmproject.com.br\/bio\/product\/ensaios-da-vida-30-dias-com-a-inteligencia-infinita\/\" target=\"_blank\" rel=\"noreferrer noopener\">partir de n\u00f3s mesmos<\/a>. S\u00e3o v\u00e1rias cole\u00e7\u00f5es e publica\u00e7\u00f5es que v\u00e3o elevar a consci\u00eancia. Este livro faz parte da Cole\u00e7\u00e3o Intelig\u00eancia Infinita. <\/p><p>Os livros s\u00e3o dedicados a conhecer a intelig\u00eancia superior que habita em n\u00f3s. Mais do que isso, habita dentro de n\u00f3s, acima de n\u00f3s. Em outras palavras, encontrar a si mesmo, neste plano ou em qualquer outro. <\/p><p>Os livros s\u00e3o cheios de hist\u00f3rias. Muito mais do que hist\u00f3rias, s\u00e3o as par\u00e1bolas, os mitos e uma grande variedade de publica\u00e7\u00f5es. N\u00e3o h\u00e1 limite nem categorias para cada uma delas.<\/p><cite>DIRETOR DE CONTE\u00daDO DA BIO.<\/cite><\/blockquote>\n\n\n\n<p>O conhecimento publicado, da mesmo forma, pode ser utilizado na vida. Acima de tudo, na vida pessoal, profissional, acad\u00eamica e espiritual. Enfim, em todas as \u00e1reas da vida. Da mesma forma, todas as \u00e1reas se resumem em uma \u00fanica vida, a sua pr\u00f3pria vida. <\/p>\n\n\n\n<div class=\"wp-block-image is-style-default\"><figure class=\"aligncenter size-large\"><img loading=\"lazy\" decoding=\"async\" width=\"1080\" height=\"675\" src=\"https:\/\/pmproject.com.br\/bio\/wp-content\/uploads\/2020\/09\/Bio-Brand_Black-edited.png\" alt=\"O lugar da intelig\u00eancia\" class=\"wp-image-80\" srcset=\"https:\/\/pmproject.com.br\/bio\/wp-content\/uploads\/2020\/09\/Bio-Brand_Black-edited.png 1080w, https:\/\/pmproject.com.br\/bio\/wp-content\/uploads\/2020\/09\/Bio-Brand_Black-edited-300x188.png 300w, https:\/\/pmproject.com.br\/bio\/wp-content\/uploads\/2020\/09\/Bio-Brand_Black-edited-1024x640.png 1024w, https:\/\/pmproject.com.br\/bio\/wp-content\/uploads\/2020\/09\/Bio-Brand_Black-edited-768x480.png 768w, https:\/\/pmproject.com.br\/bio\/wp-content\/uploads\/2020\/09\/Bio-Brand_Black-edited-600x375.png 600w\" sizes=\"auto, (max-width: 1080px) 100vw, 1080px\" \/><\/figure><\/div>\n\n\n\n<h3 class=\"wp-block-heading\">Por que BIO?<\/h3>\n\n\n\n<p>Porque BIO. \u00e9 vida.  Antes de tudo existir, a vida existia. Em outras palavras, a vida criou a vida desde o in\u00edcio dos tempos. Uma \u00fanica vida. A vida est\u00e1 na arte e a BIO. \u00e9 arte. Da mesma forma que a arte imita a vida e ponto. BIO. \u00e9 intelig\u00eancia. A intelig\u00eancia brota da vida. Portanto ela \u00e9 a pr\u00f3pria vida. A vida \u00e9 a ess\u00eancia de tudo. BIO. \u00e9 a ess\u00eancia do ser.  A ess\u00eancia do ser \u00e9 chamada de vida. Al\u00e9m disso, n\u00e3o h\u00e1 mais nada, s\u00f3 a vida.<\/p>\n\n\n\n<h3 class=\"wp-block-heading\">Por que o ponto final?<\/h3>\n\n\n\n<p>O ponto representa o fim de uma vida e o come\u00e7o de outra. Este mesmo ponto significa a compreens\u00e3o de tudo ap\u00f3s a vida. Enfim, o ponto \u00e9 que toda ess\u00eancia vem da vida e ponto.<\/p>\n\n\n\n<p>Enfim, a BIO. n\u00e3o \u00e9 apenas um lugar. Da mesma forma, ela n\u00e3o \u00e9 s\u00f3 um conceito. Al\u00e9m disso, ela representa uma pr\u00e1tica de vida. A BIO. \u00e9 a maior mudan\u00e7a de vis\u00e3o da sua pr\u00f3pria vida. Depois disso, de conhecer a BIO., a sua vida vai mudar. Acima de tudo, a experi\u00eancia e compreens\u00e3o de tudo o que voc\u00ea \u00e9 por inteiro. E mais, os diversos planos, manifesto e n\u00e3o manifesto, todos est\u00e3o nesta realidade. Da mesma forma, a outra realidade, faz parte do todo. Em outras palavras, tudo o que possa ser inclu\u00eddo. Em conclus\u00e3o, a inclus\u00e3o de tudo que vir\u00e1, sem se preocupar com a sua origem, sem se preocupar com a sua fonte. Sem se preocupar com o seu destino. <\/p>\n\n\n\n<p>O lugar da intelig\u00eancia \u00e9 o lugar da sua vida. <\/p>\n\n\n\n<p>Conhe\u00e7a o canal da <a href=\"https:\/\/www.instagram.com\/bio.office\/\">BIO no Instagram<\/a>.<\/p>\n\n\n\n<p><\/p>\n","protected":false},"excerpt":{"rendered":"<p>Um lugar de intelig\u00eancia pessoal, profissional e para vida.<\/p>\n","protected":false},"author":1,"featured_media":74,"parent":0,"menu_order":0,"comment_status":"closed","ping_status":"open","template":"","meta":{"pmpro_default_level":"","footnotes":""},"class_list":["post-2","page","type-page","status-publish","has-post-thumbnail","hentry","pmpro-has-access"],"yoast_head":"<!-- This site is optimized with the Yoast SEO plugin v27.2 - https:\/\/yoast.com\/product\/yoast-seo-wordpress\/ -->\n<title>O LUGAR DA INTELIG\u00caNCIA \u00e9 aqui na BIO. &#8226; EXPERIMENTE<\/title>\n<meta name=\"description\" content=\"O lugar para encontrar a Intelig\u00eancia Infinita. O lugar para encontrar a si mesmo. O lugar para experimentar a vida. Venha conhecer esse lugar.\" \/>\n<meta name=\"robots\" content=\"index, follow, max-snippet:-1, max-image-preview:large, max-video-preview:-1\" \/>\n<link rel=\"canonical\" href=\"https:\/\/pmproject.com.br\/bio\/o-lugar-da-inteligencia\/\" \/>\n<meta property=\"og:locale\" content=\"pt_BR\" \/>\n<meta property=\"og:type\" content=\"article\" \/>\n<meta property=\"og:title\" content=\"O LUGAR DA INTELIG\u00caNCIA \u00e9 aqui na BIO. &#8226; EXPERIMENTE\" \/>\n<meta property=\"og:description\" content=\"O lugar para encontrar a Intelig\u00eancia Infinita. O lugar para encontrar a si mesmo. O lugar para experimentar a vida. Venha conhecer esse lugar.\" \/>\n<meta property=\"og:url\" content=\"https:\/\/pmproject.com.br\/bio\/o-lugar-da-inteligencia\/\" \/>\n<meta property=\"og:site_name\" content=\"BIO.\" \/>\n<meta property=\"article:publisher\" content=\"https:\/\/www.facebook.com\/bio.intelligence.office\/\" \/>\n<meta property=\"article:modified_time\" content=\"2022-01-11T19:16:48+00:00\" \/>\n<meta property=\"og:image\" content=\"https:\/\/pmproject.com.br\/bio\/wp-content\/uploads\/2020\/09\/Bio-Brand_Black.png\" \/>\n\t<meta property=\"og:image:width\" content=\"1080\" \/>\n\t<meta property=\"og:image:height\" content=\"1080\" \/>\n\t<meta property=\"og:image:type\" content=\"image\/png\" \/>\n<meta name=\"twitter:card\" content=\"summary_large_image\" \/>\n<meta name=\"twitter:site\" content=\"@BIO_Intellig\" \/>\n<meta name=\"twitter:label1\" content=\"Est. tempo de leitura\" \/>\n\t<meta name=\"twitter:data1\" content=\"3 minutos\" \/>\n<script type=\"application\/ld+json\" class=\"yoast-schema-graph\">{\"@context\":\"https:\/\/schema.org\",\"@graph\":[{\"@type\":\"WebPage\",\"@id\":\"https:\/\/pmproject.com.br\/bio\/o-lugar-da-inteligencia\/\",\"url\":\"https:\/\/pmproject.com.br\/bio\/o-lugar-da-inteligencia\/\",\"name\":\"O LUGAR DA INTELIG\u00caNCIA \u00e9 aqui na BIO. &#8226; EXPERIMENTE\",\"isPartOf\":{\"@id\":\"https:\/\/pmproject.com.br\/bio\/#website\"},\"primaryImageOfPage\":{\"@id\":\"https:\/\/pmproject.com.br\/bio\/o-lugar-da-inteligencia\/#primaryimage\"},\"image\":{\"@id\":\"https:\/\/pmproject.com.br\/bio\/o-lugar-da-inteligencia\/#primaryimage\"},\"thumbnailUrl\":\"https:\/\/pmproject.com.br\/bio\/wp-content\/uploads\/2020\/09\/Bio-Brand_Black.png\",\"datePublished\":\"2020-06-26T01:34:45+00:00\",\"dateModified\":\"2022-01-11T19:16:48+00:00\",\"description\":\"O lugar para encontrar a Intelig\u00eancia Infinita. O lugar para encontrar a si mesmo. O lugar para experimentar a vida. Venha conhecer esse lugar.\",\"breadcrumb\":{\"@id\":\"https:\/\/pmproject.com.br\/bio\/o-lugar-da-inteligencia\/#breadcrumb\"},\"inLanguage\":\"pt-BR\",\"potentialAction\":[{\"@type\":\"ReadAction\",\"target\":[\"https:\/\/pmproject.com.br\/bio\/o-lugar-da-inteligencia\/\"]}]},{\"@type\":\"ImageObject\",\"inLanguage\":\"pt-BR\",\"@id\":\"https:\/\/pmproject.com.br\/bio\/o-lugar-da-inteligencia\/#primaryimage\",\"url\":\"https:\/\/pmproject.com.br\/bio\/wp-content\/uploads\/2020\/09\/Bio-Brand_Black.png\",\"contentUrl\":\"https:\/\/pmproject.com.br\/bio\/wp-content\/uploads\/2020\/09\/Bio-Brand_Black.png\",\"width\":1080,\"height\":1080},{\"@type\":\"BreadcrumbList\",\"@id\":\"https:\/\/pmproject.com.br\/bio\/o-lugar-da-inteligencia\/#breadcrumb\",\"itemListElement\":[{\"@type\":\"ListItem\",\"position\":1,\"name\":\"In\u00edcio\",\"item\":\"https:\/\/pmproject.com.br\/bio\/\"},{\"@type\":\"ListItem\",\"position\":2,\"name\":\"O LUGAR DA INTELIG\u00caNCIA \u00e9 aqui na BIO.\"}]},{\"@type\":\"WebSite\",\"@id\":\"https:\/\/pmproject.com.br\/bio\/#website\",\"url\":\"https:\/\/pmproject.com.br\/bio\/\",\"name\":\"BIO\",\"description\":\"BOUTIQUE INTELLIGENCE OFFICE\",\"publisher\":{\"@id\":\"https:\/\/pmproject.com.br\/bio\/#organization\"},\"potentialAction\":[{\"@type\":\"SearchAction\",\"target\":{\"@type\":\"EntryPoint\",\"urlTemplate\":\"https:\/\/pmproject.com.br\/bio\/?s={search_term_string}\"},\"query-input\":{\"@type\":\"PropertyValueSpecification\",\"valueRequired\":true,\"valueName\":\"search_term_string\"}}],\"inLanguage\":\"pt-BR\"},{\"@type\":\"Organization\",\"@id\":\"https:\/\/pmproject.com.br\/bio\/#organization\",\"name\":\"BIO. BOUTIQUE INTELLIGENCE OFFICE\",\"url\":\"https:\/\/pmproject.com.br\/bio\/\",\"logo\":{\"@type\":\"ImageObject\",\"inLanguage\":\"pt-BR\",\"@id\":\"https:\/\/pmproject.com.br\/bio\/#\/schema\/logo\/image\/\",\"url\":\"https:\/\/pmproject.com.br\/bio\/wp-content\/uploads\/2020\/09\/Bio-Brand_Black-1.png\",\"contentUrl\":\"https:\/\/pmproject.com.br\/bio\/wp-content\/uploads\/2020\/09\/Bio-Brand_Black-1.png\",\"width\":1080,\"height\":1080,\"caption\":\"BIO. BOUTIQUE INTELLIGENCE OFFICE\"},\"image\":{\"@id\":\"https:\/\/pmproject.com.br\/bio\/#\/schema\/logo\/image\/\"},\"sameAs\":[\"https:\/\/www.facebook.com\/bio.intelligence.office\/\",\"https:\/\/x.com\/BIO_Intellig\",\"https:\/\/www.instagram.com\/bio.office\/\",\"https:\/\/www.linkedin.com\/company\/biooffice\",\"https:\/\/www.youtube.com\/channel\/UCY0sSiVKy1WN8CNwjNekpBQ\"]}]}<\/script>\n<!-- \/ Yoast SEO plugin. -->","yoast_head_json":{"title":"O LUGAR DA INTELIG\u00caNCIA \u00e9 aqui na BIO. &#8226; EXPERIMENTE","description":"O lugar para encontrar a Intelig\u00eancia Infinita. O lugar para encontrar a si mesmo. O lugar para experimentar a vida. Venha conhecer esse lugar.","robots":{"index":"index","follow":"follow","max-snippet":"max-snippet:-1","max-image-preview":"max-image-preview:large","max-video-preview":"max-video-preview:-1"},"canonical":"https:\/\/pmproject.com.br\/bio\/o-lugar-da-inteligencia\/","og_locale":"pt_BR","og_type":"article","og_title":"O LUGAR DA INTELIG\u00caNCIA \u00e9 aqui na BIO. &#8226; EXPERIMENTE","og_description":"O lugar para encontrar a Intelig\u00eancia Infinita. O lugar para encontrar a si mesmo. O lugar para experimentar a vida. Venha conhecer esse lugar.","og_url":"https:\/\/pmproject.com.br\/bio\/o-lugar-da-inteligencia\/","og_site_name":"BIO.","article_publisher":"https:\/\/www.facebook.com\/bio.intelligence.office\/","article_modified_time":"2022-01-11T19:16:48+00:00","og_image":[{"width":1080,"height":1080,"url":"https:\/\/pmproject.com.br\/bio\/wp-content\/uploads\/2020\/09\/Bio-Brand_Black.png","type":"image\/png"}],"twitter_card":"summary_large_image","twitter_site":"@BIO_Intellig","twitter_misc":{"Est. tempo de leitura":"3 minutos"},"schema":{"@context":"https:\/\/schema.org","@graph":[{"@type":"WebPage","@id":"https:\/\/pmproject.com.br\/bio\/o-lugar-da-inteligencia\/","url":"https:\/\/pmproject.com.br\/bio\/o-lugar-da-inteligencia\/","name":"O LUGAR DA INTELIG\u00caNCIA \u00e9 aqui na BIO. &#8226; EXPERIMENTE","isPartOf":{"@id":"https:\/\/pmproject.com.br\/bio\/#website"},"primaryImageOfPage":{"@id":"https:\/\/pmproject.com.br\/bio\/o-lugar-da-inteligencia\/#primaryimage"},"image":{"@id":"https:\/\/pmproject.com.br\/bio\/o-lugar-da-inteligencia\/#primaryimage"},"thumbnailUrl":"https:\/\/pmproject.com.br\/bio\/wp-content\/uploads\/2020\/09\/Bio-Brand_Black.png","datePublished":"2020-06-26T01:34:45+00:00","dateModified":"2022-01-11T19:16:48+00:00","description":"O lugar para encontrar a Intelig\u00eancia Infinita. O lugar para encontrar a si mesmo. O lugar para experimentar a vida. Venha conhecer esse lugar.","breadcrumb":{"@id":"https:\/\/pmproject.com.br\/bio\/o-lugar-da-inteligencia\/#breadcrumb"},"inLanguage":"pt-BR","potentialAction":[{"@type":"ReadAction","target":["https:\/\/pmproject.com.br\/bio\/o-lugar-da-inteligencia\/"]}]},{"@type":"ImageObject","inLanguage":"pt-BR","@id":"https:\/\/pmproject.com.br\/bio\/o-lugar-da-inteligencia\/#primaryimage","url":"https:\/\/pmproject.com.br\/bio\/wp-content\/uploads\/2020\/09\/Bio-Brand_Black.png","contentUrl":"https:\/\/pmproject.com.br\/bio\/wp-content\/uploads\/2020\/09\/Bio-Brand_Black.png","width":1080,"height":1080},{"@type":"BreadcrumbList","@id":"https:\/\/pmproject.com.br\/bio\/o-lugar-da-inteligencia\/#breadcrumb","itemListElement":[{"@type":"ListItem","position":1,"name":"In\u00edcio","item":"https:\/\/pmproject.com.br\/bio\/"},{"@type":"ListItem","position":2,"name":"O LUGAR DA INTELIG\u00caNCIA \u00e9 aqui na BIO."}]},{"@type":"WebSite","@id":"https:\/\/pmproject.com.br\/bio\/#website","url":"https:\/\/pmproject.com.br\/bio\/","name":"BIO","description":"BOUTIQUE INTELLIGENCE OFFICE","publisher":{"@id":"https:\/\/pmproject.com.br\/bio\/#organization"},"potentialAction":[{"@type":"SearchAction","target":{"@type":"EntryPoint","urlTemplate":"https:\/\/pmproject.com.br\/bio\/?s={search_term_string}"},"query-input":{"@type":"PropertyValueSpecification","valueRequired":true,"valueName":"search_term_string"}}],"inLanguage":"pt-BR"},{"@type":"Organization","@id":"https:\/\/pmproject.com.br\/bio\/#organization","name":"BIO. BOUTIQUE INTELLIGENCE OFFICE","url":"https:\/\/pmproject.com.br\/bio\/","logo":{"@type":"ImageObject","inLanguage":"pt-BR","@id":"https:\/\/pmproject.com.br\/bio\/#\/schema\/logo\/image\/","url":"https:\/\/pmproject.com.br\/bio\/wp-content\/uploads\/2020\/09\/Bio-Brand_Black-1.png","contentUrl":"https:\/\/pmproject.com.br\/bio\/wp-content\/uploads\/2020\/09\/Bio-Brand_Black-1.png","width":1080,"height":1080,"caption":"BIO. BOUTIQUE INTELLIGENCE OFFICE"},"image":{"@id":"https:\/\/pmproject.com.br\/bio\/#\/schema\/logo\/image\/"},"sameAs":["https:\/\/www.facebook.com\/bio.intelligence.office\/","https:\/\/x.com\/BIO_Intellig","https:\/\/www.instagram.com\/bio.office\/","https:\/\/www.linkedin.com\/company\/biooffice","https:\/\/www.youtube.com\/channel\/UCY0sSiVKy1WN8CNwjNekpBQ"]}]}},"jetpack_sharing_enabled":true,"amp_enabled":true,"_links":{"self":[{"href":"https:\/\/pmproject.com.br\/bio\/wp-json\/wp\/v2\/pages\/2","targetHints":{"allow":["GET"]}}],"collection":[{"href":"https:\/\/pmproject.com.br\/bio\/wp-json\/wp\/v2\/pages"}],"about":[{"href":"https:\/\/pmproject.com.br\/bio\/wp-json\/wp\/v2\/types\/page"}],"author":[{"embeddable":true,"href":"https:\/\/pmproject.com.br\/bio\/wp-json\/wp\/v2\/users\/1"}],"replies":[{"embeddable":true,"href":"https:\/\/pmproject.com.br\/bio\/wp-json\/wp\/v2\/comments?post=2"}],"version-history":[{"count":12,"href":"https:\/\/pmproject.com.br\/bio\/wp-json\/wp\/v2\/pages\/2\/revisions"}],"predecessor-version":[{"id":472,"href":"https:\/\/pmproject.com.br\/bio\/wp-json\/wp\/v2\/pages\/2\/revisions\/472"}],"wp:featuredmedia":[{"embeddable":true,"href":"https:\/\/pmproject.com.br\/bio\/wp-json\/wp\/v2\/media\/74"}],"wp:attachment":[{"href":"https:\/\/pmproject.com.br\/bio\/wp-json\/wp\/v2\/media?parent=2"}],"curies":[{"name":"wp","href":"https:\/\/api.w.org\/{rel}","templated":true}]}}