{"id":176,"date":"2020-10-13T19:45:15","date_gmt":"2020-10-13T22:45:15","guid":{"rendered":"https:\/\/pmproject.com.br\/bio\/?page_id=176"},"modified":"2020-10-13T23:10:48","modified_gmt":"2020-10-14T02:10:48","slug":"projeto-da-sua-vida","status":"publish","type":"page","link":"https:\/\/pmproject.com.br\/bio\/projeto-da-sua-vida\/","title":{"rendered":"Crie o projeto da sua vida."},"content":{"rendered":"\n<figure class=\"wp-block-image size-large is-resized is-style-rounded\"><img loading=\"lazy\" decoding=\"async\" src=\"https:\/\/pmproject.com.br\/bio\/wp-content\/uploads\/2020\/10\/Autor-879x1024.jpg\" alt=\"Crie o projeto da sua vida\" class=\"wp-image-178\" width=\"202\" height=\"233\"\/><figcaption><a href=\"http:\/\/api.whatsapp.com\/send?1=pt_BR&amp;phone=5516981000807\">FALE COM O AUTOR<\/a><\/figcaption><\/figure>\n\n\n\n<blockquote class=\"wp-block-quote is-layout-flow wp-block-quote-is-layout-flow\"><p><strong>Crie o projeto da sua vida.<\/strong><\/p><\/blockquote>\n\n\n\n<h3 class=\"wp-block-heading\">A PERGUNTA<\/h3>\n\n\n\n<p>Qual o projeto mais importante da sua vida? <\/p>\n\n\n\n<p>Eu me fiz essa perguntar.  E a resposta foi, <strong>crie o projeto da sua vida<\/strong>. <\/p>\n\n\n\n<p>Eu sou um engenheiro, brasileiro do estado mineiro, portanto sou um sonhador nato. Eu tive um sonho de mudar a vida da humanidade. Alem disso eu queria encontrar o sentido da vida. Em outras palavras, resolvi come\u00e7ar a jornada mudando a minha pr\u00f3pria vida. <\/p>\n\n\n\n<p>Tudo isso resultou em uma explos\u00e3o de conhecimentos. O resultado, foi encontrar <a href=\"https:\/\/pmproject.com.br\/bio\/portfolio\/infinita\/\">Intelig\u00eancia Infinita<\/a>. E ap\u00f3s esse encontro nasceu a <a href=\"https:\/\/pmproject.com.br\/bio\">BIO. Boutique Intelligence Office<\/a>.<\/p>\n\n\n\n<h3 class=\"wp-block-heading\">O IN\u00cdCIO<\/h3>\n\n\n\n<p>Eu queria ser dono dos meus sonhos, no entanto n\u00e3o conseguia me desprender das minhas atividades. <\/p>\n\n\n\n<p>Por exemplo, queria aos 39 me tornar consultor e empreendedor. Eu consegui. Depois disso, me tornei CEO do <a rel=\"noreferrer noopener\" href=\"https:\/\/pmproject.com.br\/bmo\/\" target=\"_blank\">PMPROJECT BMO<\/a>. Al\u00e9m disso criei v\u00e1rios projetos e metodologias de gest\u00e3o para multinacionais.<\/p>\n\n\n\n<p>Mas o in\u00edcio da mudan\u00e7a foi com o meu primeiro anjo. Ela foi levada para um lugar na eternidade. Depois disso, outro anjo veio morar conosco. Portanto isso mudou a nossa vida. Agora estamos cheios de alegria. <\/p>\n\n\n\n<p>As aulas de Filosofia e os estudos de Psicologia Positiva. Al\u00e9m disso, estudos sobre Felicidade, Origem da Vida, como se inspirar e se apaixonar. Depois disso, eu fui em busca do bem estar interior. Al\u00e9m disso houve uma m\u00fasica que inspirou tudo isso.<\/p>\n\n\n\n<p>Essa transforma\u00e7\u00e3o criou um encontro especial. Em outras palavras, eu e o meu eu interior. <\/p>\n\n\n\n<h3 class=\"wp-block-heading\">OS DIAS ATUAIS<\/h3>\n\n\n\n<p>Em conclus\u00e3o, aos 43 anos descobria a minha verdadeira paix\u00e3o. Eu queria deixar um legado sobre a vida. Al\u00e9m disso, compartilhar o que recebi no meu interior. <\/p>\n\n\n\n<p>Acima de tudo, estamos ajudando voc\u00ea para que crie o projeto da sua vida. Em outras palavras, se encontrarem na vida. Na vida profissional, pessoal e espiritual. <\/p>\n\n\n\n<p>Hoje s\u00e3o mais de <a href=\"https:\/\/pmproject.com.br\/bio\/portfolio\/infinita\/\">20 t\u00edtulos sobre a vida<\/a>, e mais 20 sobre neg\u00f3cios. Desta forma s\u00e3o 40 t\u00edtulos para celebrar os 40 anos de vida. <\/p>\n\n\n\n<p>Muio prazer, EU SOU Marcelo Marques Granado. Terei prazer em conhecer voc\u00ea. Al\u00e9m disso, vamos juntos conhecer as hist\u00f3rias da Intelig\u00eancia Infinita. Conhe\u00e7a mais sobre a <a href=\"https:\/\/pmproject.com.br\/bio\">BIO.<\/a> em <a href=\"https:\/\/www.instagram.com\/bio.office\/\">@bio.office<\/a> no <a href=\"https:\/\/www.instagram.com\/bio.office\/\">Instagram<\/a>.<\/p>\n\n\n\n<figure class=\"wp-block-image size-large is-resized is-style-rounded\"><a href=\"https:\/\/pmproject.com.br\/bio\"><img loading=\"lazy\" decoding=\"async\" src=\"https:\/\/pmproject.com.br\/bio\/wp-content\/uploads\/2020\/09\/Bio-Brand_Black-1-1024x1024.png\" alt=\"Crie o projeto da sua vida\" class=\"wp-image-95\" width=\"290\" height=\"290\" srcset=\"https:\/\/pmproject.com.br\/bio\/wp-content\/uploads\/2020\/09\/Bio-Brand_Black-1-1024x1024.png 1024w, https:\/\/pmproject.com.br\/bio\/wp-content\/uploads\/2020\/09\/Bio-Brand_Black-1-300x300.png 300w, https:\/\/pmproject.com.br\/bio\/wp-content\/uploads\/2020\/09\/Bio-Brand_Black-1-150x150.png 150w, https:\/\/pmproject.com.br\/bio\/wp-content\/uploads\/2020\/09\/Bio-Brand_Black-1-768x768.png 768w, https:\/\/pmproject.com.br\/bio\/wp-content\/uploads\/2020\/09\/Bio-Brand_Black-1-860x860.png 860w, https:\/\/pmproject.com.br\/bio\/wp-content\/uploads\/2020\/09\/Bio-Brand_Black-1-600x600.png 600w, https:\/\/pmproject.com.br\/bio\/wp-content\/uploads\/2020\/09\/Bio-Brand_Black-1-100x100.png 100w, https:\/\/pmproject.com.br\/bio\/wp-content\/uploads\/2020\/09\/Bio-Brand_Black-1.png 1080w\" sizes=\"auto, (max-width: 290px) 100vw, 290px\" \/><\/a><\/figure>\n","protected":false},"excerpt":{"rendered":"<p>Crie o projeto da sua vida.<\/p>\n","protected":false},"author":1,"featured_media":128,"parent":0,"menu_order":0,"comment_status":"closed","ping_status":"closed","template":"","meta":{"pmpro_default_level":"","footnotes":""},"class_list":["post-176","page","type-page","status-publish","has-post-thumbnail","hentry","pmpro-has-access"],"yoast_head":"<!-- This site is optimized with the Yoast SEO plugin v27.2 - https:\/\/yoast.com\/product\/yoast-seo-wordpress\/ -->\n<title>Crie o projeto da sua vida. &#8226; Venha conhecer a BIO.<\/title>\n<meta name=\"description\" content=\"Crie o projeto da sua vida. Estamos preparando publica\u00e7\u00f5es para a sua vida. Em outras palavras, ajudar voc\u00ea a criar o seu projeto de vida.\" \/>\n<meta name=\"robots\" content=\"index, follow, max-snippet:-1, max-image-preview:large, max-video-preview:-1\" \/>\n<link rel=\"canonical\" href=\"https:\/\/pmproject.com.br\/bio\/projeto-da-sua-vida\/\" \/>\n<meta property=\"og:locale\" content=\"pt_BR\" \/>\n<meta property=\"og:type\" content=\"article\" \/>\n<meta property=\"og:title\" content=\"Crie o projeto da sua vida. &#8226; Venha conhecer a BIO.\" \/>\n<meta property=\"og:description\" content=\"Crie o projeto da sua vida. Estamos preparando publica\u00e7\u00f5es para a sua vida. Em outras palavras, ajudar voc\u00ea a criar o seu projeto de vida.\" \/>\n<meta property=\"og:url\" content=\"https:\/\/pmproject.com.br\/bio\/projeto-da-sua-vida\/\" \/>\n<meta property=\"og:site_name\" content=\"BIO.\" \/>\n<meta property=\"article:publisher\" content=\"https:\/\/www.facebook.com\/bio.intelligence.office\/\" \/>\n<meta property=\"article:modified_time\" content=\"2020-10-14T02:10:48+00:00\" \/>\n<meta property=\"og:image\" content=\"https:\/\/pmproject.com.br\/bio\/wp-content\/uploads\/2020\/09\/01.Origins_Frente_-721x1024.png\" \/>\n\t<meta property=\"og:image:width\" content=\"721\" \/>\n\t<meta property=\"og:image:height\" content=\"1024\" \/>\n\t<meta property=\"og:image:type\" content=\"image\/png\" \/>\n<meta name=\"twitter:card\" content=\"summary_large_image\" \/>\n<meta name=\"twitter:site\" content=\"@BIO_Intellig\" \/>\n<meta name=\"twitter:label1\" content=\"Est. tempo de leitura\" \/>\n\t<meta name=\"twitter:data1\" content=\"2 minutos\" \/>\n<script type=\"application\/ld+json\" class=\"yoast-schema-graph\">{\"@context\":\"https:\/\/schema.org\",\"@graph\":[{\"@type\":[\"WebPage\",\"ProfilePage\"],\"@id\":\"https:\/\/pmproject.com.br\/bio\/projeto-da-sua-vida\/\",\"url\":\"https:\/\/pmproject.com.br\/bio\/projeto-da-sua-vida\/\",\"name\":\"Crie o projeto da sua vida. &#8226; Venha conhecer a BIO.\",\"isPartOf\":{\"@id\":\"https:\/\/pmproject.com.br\/bio\/#website\"},\"primaryImageOfPage\":{\"@id\":\"https:\/\/pmproject.com.br\/bio\/projeto-da-sua-vida\/#primaryimage\"},\"image\":{\"@id\":\"https:\/\/pmproject.com.br\/bio\/projeto-da-sua-vida\/#primaryimage\"},\"thumbnailUrl\":\"https:\/\/pmproject.com.br\/bio\/wp-content\/uploads\/2020\/09\/01.Origins_Frente_.png\",\"datePublished\":\"2020-10-13T22:45:15+00:00\",\"dateModified\":\"2020-10-14T02:10:48+00:00\",\"description\":\"Crie o projeto da sua vida. Estamos preparando publica\u00e7\u00f5es para a sua vida. Em outras palavras, ajudar voc\u00ea a criar o seu projeto de vida.\",\"breadcrumb\":{\"@id\":\"https:\/\/pmproject.com.br\/bio\/projeto-da-sua-vida\/#breadcrumb\"},\"inLanguage\":\"pt-BR\",\"potentialAction\":[{\"@type\":\"ReadAction\",\"target\":[\"https:\/\/pmproject.com.br\/bio\/projeto-da-sua-vida\/\"]}]},{\"@type\":\"ImageObject\",\"inLanguage\":\"pt-BR\",\"@id\":\"https:\/\/pmproject.com.br\/bio\/projeto-da-sua-vida\/#primaryimage\",\"url\":\"https:\/\/pmproject.com.br\/bio\/wp-content\/uploads\/2020\/09\/01.Origins_Frente_.png\",\"contentUrl\":\"https:\/\/pmproject.com.br\/bio\/wp-content\/uploads\/2020\/09\/01.Origins_Frente_.png\",\"width\":1408,\"height\":2000,\"caption\":\"Capa do Livro Origins A Origem da BIO. e da Intelig\u00eancia Infinita\"},{\"@type\":\"BreadcrumbList\",\"@id\":\"https:\/\/pmproject.com.br\/bio\/projeto-da-sua-vida\/#breadcrumb\",\"itemListElement\":[{\"@type\":\"ListItem\",\"position\":1,\"name\":\"In\u00edcio\",\"item\":\"https:\/\/pmproject.com.br\/bio\/\"},{\"@type\":\"ListItem\",\"position\":2,\"name\":\"Crie o projeto da sua vida.\"}]},{\"@type\":\"WebSite\",\"@id\":\"https:\/\/pmproject.com.br\/bio\/#website\",\"url\":\"https:\/\/pmproject.com.br\/bio\/\",\"name\":\"BIO\",\"description\":\"BOUTIQUE INTELLIGENCE OFFICE\",\"publisher\":{\"@id\":\"https:\/\/pmproject.com.br\/bio\/#organization\"},\"potentialAction\":[{\"@type\":\"SearchAction\",\"target\":{\"@type\":\"EntryPoint\",\"urlTemplate\":\"https:\/\/pmproject.com.br\/bio\/?s={search_term_string}\"},\"query-input\":{\"@type\":\"PropertyValueSpecification\",\"valueRequired\":true,\"valueName\":\"search_term_string\"}}],\"inLanguage\":\"pt-BR\"},{\"@type\":\"Organization\",\"@id\":\"https:\/\/pmproject.com.br\/bio\/#organization\",\"name\":\"BIO. BOUTIQUE INTELLIGENCE OFFICE\",\"url\":\"https:\/\/pmproject.com.br\/bio\/\",\"logo\":{\"@type\":\"ImageObject\",\"inLanguage\":\"pt-BR\",\"@id\":\"https:\/\/pmproject.com.br\/bio\/#\/schema\/logo\/image\/\",\"url\":\"https:\/\/pmproject.com.br\/bio\/wp-content\/uploads\/2020\/09\/Bio-Brand_Black-1.png\",\"contentUrl\":\"https:\/\/pmproject.com.br\/bio\/wp-content\/uploads\/2020\/09\/Bio-Brand_Black-1.png\",\"width\":1080,\"height\":1080,\"caption\":\"BIO. BOUTIQUE INTELLIGENCE OFFICE\"},\"image\":{\"@id\":\"https:\/\/pmproject.com.br\/bio\/#\/schema\/logo\/image\/\"},\"sameAs\":[\"https:\/\/www.facebook.com\/bio.intelligence.office\/\",\"https:\/\/x.com\/BIO_Intellig\",\"https:\/\/www.instagram.com\/bio.office\/\",\"https:\/\/www.linkedin.com\/company\/biooffice\",\"https:\/\/www.youtube.com\/channel\/UCY0sSiVKy1WN8CNwjNekpBQ\"],\"mainEntityOfPage\":{\"@id\":\"https:\/\/pmproject.com.br\/bio\/projeto-da-sua-vida\/\"}}]}<\/script>\n<!-- \/ Yoast SEO plugin. -->","yoast_head_json":{"title":"Crie o projeto da sua vida. &#8226; Venha conhecer a BIO.","description":"Crie o projeto da sua vida. Estamos preparando publica\u00e7\u00f5es para a sua vida. Em outras palavras, ajudar voc\u00ea a criar o seu projeto de vida.","robots":{"index":"index","follow":"follow","max-snippet":"max-snippet:-1","max-image-preview":"max-image-preview:large","max-video-preview":"max-video-preview:-1"},"canonical":"https:\/\/pmproject.com.br\/bio\/projeto-da-sua-vida\/","og_locale":"pt_BR","og_type":"article","og_title":"Crie o projeto da sua vida. &#8226; Venha conhecer a BIO.","og_description":"Crie o projeto da sua vida. Estamos preparando publica\u00e7\u00f5es para a sua vida. Em outras palavras, ajudar voc\u00ea a criar o seu projeto de vida.","og_url":"https:\/\/pmproject.com.br\/bio\/projeto-da-sua-vida\/","og_site_name":"BIO.","article_publisher":"https:\/\/www.facebook.com\/bio.intelligence.office\/","article_modified_time":"2020-10-14T02:10:48+00:00","og_image":[{"width":721,"height":1024,"url":"https:\/\/pmproject.com.br\/bio\/wp-content\/uploads\/2020\/09\/01.Origins_Frente_-721x1024.png","type":"image\/png"}],"twitter_card":"summary_large_image","twitter_site":"@BIO_Intellig","twitter_misc":{"Est. tempo de leitura":"2 minutos"},"schema":{"@context":"https:\/\/schema.org","@graph":[{"@type":["WebPage","ProfilePage"],"@id":"https:\/\/pmproject.com.br\/bio\/projeto-da-sua-vida\/","url":"https:\/\/pmproject.com.br\/bio\/projeto-da-sua-vida\/","name":"Crie o projeto da sua vida. &#8226; Venha conhecer a BIO.","isPartOf":{"@id":"https:\/\/pmproject.com.br\/bio\/#website"},"primaryImageOfPage":{"@id":"https:\/\/pmproject.com.br\/bio\/projeto-da-sua-vida\/#primaryimage"},"image":{"@id":"https:\/\/pmproject.com.br\/bio\/projeto-da-sua-vida\/#primaryimage"},"thumbnailUrl":"https:\/\/pmproject.com.br\/bio\/wp-content\/uploads\/2020\/09\/01.Origins_Frente_.png","datePublished":"2020-10-13T22:45:15+00:00","dateModified":"2020-10-14T02:10:48+00:00","description":"Crie o projeto da sua vida. Estamos preparando publica\u00e7\u00f5es para a sua vida. Em outras palavras, ajudar voc\u00ea a criar o seu projeto de vida.","breadcrumb":{"@id":"https:\/\/pmproject.com.br\/bio\/projeto-da-sua-vida\/#breadcrumb"},"inLanguage":"pt-BR","potentialAction":[{"@type":"ReadAction","target":["https:\/\/pmproject.com.br\/bio\/projeto-da-sua-vida\/"]}]},{"@type":"ImageObject","inLanguage":"pt-BR","@id":"https:\/\/pmproject.com.br\/bio\/projeto-da-sua-vida\/#primaryimage","url":"https:\/\/pmproject.com.br\/bio\/wp-content\/uploads\/2020\/09\/01.Origins_Frente_.png","contentUrl":"https:\/\/pmproject.com.br\/bio\/wp-content\/uploads\/2020\/09\/01.Origins_Frente_.png","width":1408,"height":2000,"caption":"Capa do Livro Origins A Origem da BIO. e da Intelig\u00eancia Infinita"},{"@type":"BreadcrumbList","@id":"https:\/\/pmproject.com.br\/bio\/projeto-da-sua-vida\/#breadcrumb","itemListElement":[{"@type":"ListItem","position":1,"name":"In\u00edcio","item":"https:\/\/pmproject.com.br\/bio\/"},{"@type":"ListItem","position":2,"name":"Crie o projeto da sua vida."}]},{"@type":"WebSite","@id":"https:\/\/pmproject.com.br\/bio\/#website","url":"https:\/\/pmproject.com.br\/bio\/","name":"BIO","description":"BOUTIQUE INTELLIGENCE OFFICE","publisher":{"@id":"https:\/\/pmproject.com.br\/bio\/#organization"},"potentialAction":[{"@type":"SearchAction","target":{"@type":"EntryPoint","urlTemplate":"https:\/\/pmproject.com.br\/bio\/?s={search_term_string}"},"query-input":{"@type":"PropertyValueSpecification","valueRequired":true,"valueName":"search_term_string"}}],"inLanguage":"pt-BR"},{"@type":"Organization","@id":"https:\/\/pmproject.com.br\/bio\/#organization","name":"BIO. BOUTIQUE INTELLIGENCE OFFICE","url":"https:\/\/pmproject.com.br\/bio\/","logo":{"@type":"ImageObject","inLanguage":"pt-BR","@id":"https:\/\/pmproject.com.br\/bio\/#\/schema\/logo\/image\/","url":"https:\/\/pmproject.com.br\/bio\/wp-content\/uploads\/2020\/09\/Bio-Brand_Black-1.png","contentUrl":"https:\/\/pmproject.com.br\/bio\/wp-content\/uploads\/2020\/09\/Bio-Brand_Black-1.png","width":1080,"height":1080,"caption":"BIO. BOUTIQUE INTELLIGENCE OFFICE"},"image":{"@id":"https:\/\/pmproject.com.br\/bio\/#\/schema\/logo\/image\/"},"sameAs":["https:\/\/www.facebook.com\/bio.intelligence.office\/","https:\/\/x.com\/BIO_Intellig","https:\/\/www.instagram.com\/bio.office\/","https:\/\/www.linkedin.com\/company\/biooffice","https:\/\/www.youtube.com\/channel\/UCY0sSiVKy1WN8CNwjNekpBQ"],"mainEntityOfPage":{"@id":"https:\/\/pmproject.com.br\/bio\/projeto-da-sua-vida\/"}}]}},"jetpack_sharing_enabled":true,"amp_enabled":true,"_links":{"self":[{"href":"https:\/\/pmproject.com.br\/bio\/wp-json\/wp\/v2\/pages\/176","targetHints":{"allow":["GET"]}}],"collection":[{"href":"https:\/\/pmproject.com.br\/bio\/wp-json\/wp\/v2\/pages"}],"about":[{"href":"https:\/\/pmproject.com.br\/bio\/wp-json\/wp\/v2\/types\/page"}],"author":[{"embeddable":true,"href":"https:\/\/pmproject.com.br\/bio\/wp-json\/wp\/v2\/users\/1"}],"replies":[{"embeddable":true,"href":"https:\/\/pmproject.com.br\/bio\/wp-json\/wp\/v2\/comments?post=176"}],"version-history":[{"count":6,"href":"https:\/\/pmproject.com.br\/bio\/wp-json\/wp\/v2\/pages\/176\/revisions"}],"predecessor-version":[{"id":211,"href":"https:\/\/pmproject.com.br\/bio\/wp-json\/wp\/v2\/pages\/176\/revisions\/211"}],"wp:featuredmedia":[{"embeddable":true,"href":"https:\/\/pmproject.com.br\/bio\/wp-json\/wp\/v2\/media\/128"}],"wp:attachment":[{"href":"https:\/\/pmproject.com.br\/bio\/wp-json\/wp\/v2\/media?parent=176"}],"curies":[{"name":"wp","href":"https:\/\/api.w.org\/{rel}","templated":true}]}}